{"id":3372,"date":"2014-10-27T04:38:01","date_gmt":"2014-10-27T08:38:01","guid":{"rendered":"https:\/\/fnap.ca\/contact\/"},"modified":"2025-04-25T12:10:36","modified_gmt":"2025-04-25T16:10:36","slug":"contact","status":"publish","type":"page","link":"https:\/\/fnap.ca\/en\/contact\/","title":{"rendered":"CONTACT"},"content":{"rendered":"\n<div class=\"wp-block-caxton-grid relative  vw-100\"><div class=\"absolute absolute--fill\"><div class=\"absolute absolute--fill cover bg-center\" style=\"background-color:#000000;background-image:linear-gradient( #000000);background-image:url(https:\/\/fnap.ca\/wp-content\/uploads\/2023\/07\/vecteezy_contact-us-concept-with-wood-block-and-symbols-at-e-mail_8390137_359-scaled.jpg);background-attachment:fixed;\"><\/div><div class=\"absolute absolute--fill\" style=\"background-color:#000000;background-image:linear-gradient( #000000);opacity:0.2;\"><\/div><\/div><div class=\"relative caxton-columns caxton-grid-block\" style=\"padding-top:225px;padding-left:0;padding-bottom:225px;padding-right:0;grid-template-columns:repeat(12, 1fr)\" data-tablet-css=\"padding-left:em;padding-right:em;\" data-mobile-css=\"padding-left:em;padding-right:em;\">\n<div class=\"wp-block-caxton-section relative\" style=\"grid-area:span 1\/span 12\"><div class=\"absolute absolute--fill\"><div class=\"absolute absolute--fill cover bg-center\" style=\"background-color:;background-image:linear-gradient( );\"><\/div><div class=\"absolute absolute--fill\" style=\"background-color:;background-image:linear-gradient( );opacity:1;\"><\/div><\/div><div class=\"relative caxton-section-block\" style=\"padding-top:5px;padding-left:5px;padding-bottom:5px;padding-right:5px\" data-mobile-css=\"padding-left:1em;padding-right:1em;\" data-tablet-css=\"padding-left:1em;padding-right:1em;\">\n<h1 class=\"wp-block-heading has-text-align-center animated fadeInUp has-white-color has-text-color has-x-large-font-size\">Contact Us<\/h1>\n\n\n\n<h3 class=\"wp-block-heading has-text-align-center animated fadeInUp has-white-color has-text-color\">Would you like to apply for support from the Foundation?<\/h3>\n<\/div><\/div>\n<\/div><\/div>\n\n\n\n<div style=\"height:25px\" aria-hidden=\"true\" class=\"wp-block-spacer\"><\/div>\n\n\n\n<div class=\"wp-block-group alignfull ext ext-py-lg editor:no-inserter\"><div class=\"wp-block-group__inner-container is-layout-constrained wp-block-group-is-layout-constrained\">\n<div class=\"wp-block-columns alignwide tablet:fullwidth-cols is-layout-flex wp-container-core-columns-is-layout-1 wp-block-columns-is-layout-flex\">\n<div class=\"wp-block-column is-layout-flow wp-block-column-is-layout-flow\">\n<h2 class=\"wp-block-heading animated fadeIn\" id=\"vestibulum-id-ligula-porta-felis-euismod-semper-nullam-quis-risus-eget-urna-mollis-ornare-velo\" style=\"font-size:28px\">Our postal address:<\/h2>\n\n\n<div class=\"wp-block-image\">\n<figure class=\"alignleft size-full\"><img loading=\"lazy\" decoding=\"async\" width=\"70\" height=\"13\" src=\"https:\/\/fnap.ca\/wp-content\/uploads\/2023\/06\/greenline.png\" alt=\"\" class=\"wp-image-1378\"\/><\/figure><\/div><\/div>\n\n\n\n<div class=\"wp-block-column is-layout-flow wp-block-column-is-layout-flow\">\n<p><strong>Fondation No\u00ebl au printemps<\/strong><\/p>\n\n\n\n<p>C.P. 5033, 978, Valiquette St.<br>Sainte-Ad\u00e8le (Qu\u00e9bec) J8B 1A0<\/p>\n\n\n\n<p>Fax : (514) 788-4473<\/p>\n\n\n\n<p>Phone (voice mail): (514) 788-4472<\/p>\n<\/div>\n\n\n\n<div class=\"wp-block-column is-layout-flow wp-block-column-is-layout-flow\">\n<p class=\"ext-px-0\">If you have any questions, please contact us by e-mail and a member of the organizing committee will get back to you as soon as possible.<\/p>\n\n\n\n<p><a href=\"mailto:info@fnap.ca\" target=\"_blank\" rel=\"noreferrer noopener\"><mark style=\"background-color:rgba(0, 0, 0, 0)\" class=\"has-inline-color has-vivid-cyan-blue-color\">info@fnap.ca<\/mark><\/a><\/p>\n<\/div>\n<\/div>\n<\/div><\/div>\n","protected":false},"excerpt":{"rendered":"<p>Our postal address: Fondation No\u00ebl au printemps C.P. 5033, 978, Valiquette St.Sainte-Ad\u00e8le (Qu\u00e9bec) J8B 1A0 Fax : (514) 788-4473 Phone (voice mail): (514) 788-4472 If you have any questions, please contact us by e-mail and a member of the organizing committee will get back to you as soon as possible. info@fnap.ca<\/p>\n","protected":false},"author":5,"featured_media":0,"parent":0,"menu_order":0,"comment_status":"closed","ping_status":"closed","template":"","meta":{"advgb_blocks_editor_width":"","advgb_blocks_columns_visual_guide":"","_genesis_hide_title":false,"_genesis_hide_breadcrumbs":false,"_genesis_hide_singular_image":false,"_genesis_hide_footer_widgets":false,"_genesis_custom_body_class":"","_genesis_custom_post_class":"","_genesis_layout":"","footnotes":""},"class_list":{"0":"post-3372","1":"page","2":"type-page","3":"status-publish","5":"entry","6":"has-post-thumbnail"},"yoast_head":"<!-- This site is optimized with the Yoast SEO plugin v25.6 - https:\/\/yoast.com\/wordpress\/plugins\/seo\/ -->\n<title>CONTACT | Fondation No\u00ebl au printemps<\/title>\n<meta name=\"robots\" content=\"index, follow, max-snippet:-1, max-image-preview:large, max-video-preview:-1\" \/>\n<link rel=\"canonical\" href=\"https:\/\/fnap.ca\/en\/contact\/\" \/>\n<meta property=\"og:locale\" content=\"en_US\" \/>\n<meta property=\"og:type\" content=\"article\" \/>\n<meta property=\"og:title\" content=\"CONTACT | Fondation No\u00ebl au printemps\" \/>\n<meta property=\"og:description\" content=\"Our postal address: Fondation No\u00ebl au printemps C.P. 5033, 978, Valiquette St.Sainte-Ad\u00e8le (Qu\u00e9bec) J8B 1A0 Fax : (514) 788-4473 Phone (voice mail): (514) 788-4472 If you have any questions, please contact us by e-mail and a member of the organizing committee will get back to you as soon as possible. info@fnap.ca\" \/>\n<meta property=\"og:url\" content=\"https:\/\/fnap.ca\/en\/contact\/\" \/>\n<meta property=\"og:site_name\" content=\"Fondation No\u00ebl au printemps\" \/>\n<meta property=\"article:modified_time\" content=\"2025-04-25T16:10:36+00:00\" \/>\n<meta property=\"og:image\" content=\"https:\/\/fnap.ca\/wp-content\/uploads\/2023\/06\/greenline.png\" \/>\n\t<meta property=\"og:image:width\" content=\"70\" \/>\n\t<meta property=\"og:image:height\" content=\"13\" \/>\n\t<meta property=\"og:image:type\" content=\"image\/png\" \/>\n<meta name=\"twitter:label1\" content=\"Est. reading time\" \/>\n\t<meta name=\"twitter:data1\" content=\"1 minute\" \/>\n<script type=\"application\/ld+json\" class=\"yoast-schema-graph\">{\"@context\":\"https:\/\/schema.org\",\"@graph\":[{\"@type\":\"WebPage\",\"@id\":\"https:\/\/fnap.ca\/en\/contact\/\",\"url\":\"https:\/\/fnap.ca\/en\/contact\/\",\"name\":\"CONTACT | Fondation No\u00ebl au printemps\",\"isPartOf\":{\"@id\":\"https:\/\/www.fnap.ca\/en\/#website\"},\"primaryImageOfPage\":{\"@id\":\"https:\/\/fnap.ca\/en\/contact\/#primaryimage\"},\"image\":{\"@id\":\"https:\/\/fnap.ca\/en\/contact\/#primaryimage\"},\"thumbnailUrl\":\"https:\/\/fnap.ca\/wp-content\/uploads\/2023\/06\/greenline.png\",\"datePublished\":\"2014-10-27T08:38:01+00:00\",\"dateModified\":\"2025-04-25T16:10:36+00:00\",\"breadcrumb\":{\"@id\":\"https:\/\/fnap.ca\/en\/contact\/#breadcrumb\"},\"inLanguage\":\"en-US\",\"potentialAction\":[{\"@type\":\"ReadAction\",\"target\":[\"https:\/\/fnap.ca\/en\/contact\/\"]}]},{\"@type\":\"ImageObject\",\"inLanguage\":\"en-US\",\"@id\":\"https:\/\/fnap.ca\/en\/contact\/#primaryimage\",\"url\":\"https:\/\/fnap.ca\/wp-content\/uploads\/2023\/06\/greenline.png\",\"contentUrl\":\"https:\/\/fnap.ca\/wp-content\/uploads\/2023\/06\/greenline.png\"},{\"@type\":\"BreadcrumbList\",\"@id\":\"https:\/\/fnap.ca\/en\/contact\/#breadcrumb\",\"itemListElement\":[{\"@type\":\"ListItem\",\"position\":1,\"name\":\"Home\",\"item\":\"https:\/\/www.fnap.ca\/en\/\"},{\"@type\":\"ListItem\",\"position\":2,\"name\":\"CONTACT\"}]},{\"@type\":\"WebSite\",\"@id\":\"https:\/\/www.fnap.ca\/en\/#website\",\"url\":\"https:\/\/www.fnap.ca\/en\/\",\"name\":\"Fondation No\u00ebl au printemps\",\"description\":\"\",\"potentialAction\":[{\"@type\":\"SearchAction\",\"target\":{\"@type\":\"EntryPoint\",\"urlTemplate\":\"https:\/\/www.fnap.ca\/en\/?s={search_term_string}\"},\"query-input\":{\"@type\":\"PropertyValueSpecification\",\"valueRequired\":true,\"valueName\":\"search_term_string\"}}],\"inLanguage\":\"en-US\"}]}<\/script>\n<!-- \/ Yoast SEO plugin. -->","yoast_head_json":{"title":"CONTACT | Fondation No\u00ebl au printemps","robots":{"index":"index","follow":"follow","max-snippet":"max-snippet:-1","max-image-preview":"max-image-preview:large","max-video-preview":"max-video-preview:-1"},"canonical":"https:\/\/fnap.ca\/en\/contact\/","og_locale":"en_US","og_type":"article","og_title":"CONTACT | Fondation No\u00ebl au printemps","og_description":"Our postal address: Fondation No\u00ebl au printemps C.P. 5033, 978, Valiquette St.Sainte-Ad\u00e8le (Qu\u00e9bec) J8B 1A0 Fax : (514) 788-4473 Phone (voice mail): (514) 788-4472 If you have any questions, please contact us by e-mail and a member of the organizing committee will get back to you as soon as possible. info@fnap.ca","og_url":"https:\/\/fnap.ca\/en\/contact\/","og_site_name":"Fondation No\u00ebl au printemps","article_modified_time":"2025-04-25T16:10:36+00:00","og_image":[{"width":70,"height":13,"url":"https:\/\/fnap.ca\/wp-content\/uploads\/2023\/06\/greenline.png","type":"image\/png"}],"twitter_misc":{"Est. reading time":"1 minute"},"schema":{"@context":"https:\/\/schema.org","@graph":[{"@type":"WebPage","@id":"https:\/\/fnap.ca\/en\/contact\/","url":"https:\/\/fnap.ca\/en\/contact\/","name":"CONTACT | Fondation No\u00ebl au printemps","isPartOf":{"@id":"https:\/\/www.fnap.ca\/en\/#website"},"primaryImageOfPage":{"@id":"https:\/\/fnap.ca\/en\/contact\/#primaryimage"},"image":{"@id":"https:\/\/fnap.ca\/en\/contact\/#primaryimage"},"thumbnailUrl":"https:\/\/fnap.ca\/wp-content\/uploads\/2023\/06\/greenline.png","datePublished":"2014-10-27T08:38:01+00:00","dateModified":"2025-04-25T16:10:36+00:00","breadcrumb":{"@id":"https:\/\/fnap.ca\/en\/contact\/#breadcrumb"},"inLanguage":"en-US","potentialAction":[{"@type":"ReadAction","target":["https:\/\/fnap.ca\/en\/contact\/"]}]},{"@type":"ImageObject","inLanguage":"en-US","@id":"https:\/\/fnap.ca\/en\/contact\/#primaryimage","url":"https:\/\/fnap.ca\/wp-content\/uploads\/2023\/06\/greenline.png","contentUrl":"https:\/\/fnap.ca\/wp-content\/uploads\/2023\/06\/greenline.png"},{"@type":"BreadcrumbList","@id":"https:\/\/fnap.ca\/en\/contact\/#breadcrumb","itemListElement":[{"@type":"ListItem","position":1,"name":"Home","item":"https:\/\/www.fnap.ca\/en\/"},{"@type":"ListItem","position":2,"name":"CONTACT"}]},{"@type":"WebSite","@id":"https:\/\/www.fnap.ca\/en\/#website","url":"https:\/\/www.fnap.ca\/en\/","name":"Fondation No\u00ebl au printemps","description":"","potentialAction":[{"@type":"SearchAction","target":{"@type":"EntryPoint","urlTemplate":"https:\/\/www.fnap.ca\/en\/?s={search_term_string}"},"query-input":{"@type":"PropertyValueSpecification","valueRequired":true,"valueName":"search_term_string"}}],"inLanguage":"en-US"}]}},"coauthors":[],"author_meta":{"author_link":"https:\/\/fnap.ca\/en\/author\/editor\/","display_name":"editor"},"relative_dates":{"created":"Posted 11 years ago","modified":"Updated 12 months ago"},"absolute_dates":{"created":"Posted on 27 October 2014","modified":"Updated on 25 April 2025"},"absolute_dates_time":{"created":"Posted on 27 October 2014 4 h 38 min","modified":"Updated on 25 April 2025 12 h 10 min"},"featured_img_caption":"","featured_img":false,"series_order":"","_links":{"self":[{"href":"https:\/\/fnap.ca\/en\/wp-json\/wp\/v2\/pages\/3372"}],"collection":[{"href":"https:\/\/fnap.ca\/en\/wp-json\/wp\/v2\/pages"}],"about":[{"href":"https:\/\/fnap.ca\/en\/wp-json\/wp\/v2\/types\/page"}],"author":[{"embeddable":true,"href":"https:\/\/fnap.ca\/en\/wp-json\/wp\/v2\/users\/5"}],"replies":[{"embeddable":true,"href":"https:\/\/fnap.ca\/en\/wp-json\/wp\/v2\/comments?post=3372"}],"version-history":[{"count":5,"href":"https:\/\/fnap.ca\/en\/wp-json\/wp\/v2\/pages\/3372\/revisions"}],"predecessor-version":[{"id":3754,"href":"https:\/\/fnap.ca\/en\/wp-json\/wp\/v2\/pages\/3372\/revisions\/3754"}],"wp:attachment":[{"href":"https:\/\/fnap.ca\/en\/wp-json\/wp\/v2\/media?parent=3372"}],"curies":[{"name":"wp","href":"https:\/\/api.w.org\/{rel}","templated":true}]}}