{"id":3388,"date":"2023-06-30T11:33:23","date_gmt":"2023-06-30T15:33:23","guid":{"rendered":"https:\/\/fnap.ca\/devenir-commanditaire\/"},"modified":"2023-12-07T11:26:49","modified_gmt":"2023-12-07T16:26:49","slug":"become-a-sponsor","status":"publish","type":"page","link":"https:\/\/fnap.ca\/en\/become-a-sponsor\/","title":{"rendered":"BECOME A SPONSOR"},"content":{"rendered":"\n<div class=\"wp-block-caxton-grid relative  vw-100\"><div class=\"absolute absolute--fill\"><div class=\"absolute absolute--fill cover bg-center\" style=\"background-color:#000000;background-image:linear-gradient( #000000);background-image:url(https:\/\/fnap.ca\/wp-content\/uploads\/2023\/06\/hands-g29f6060ee_1280.jpg);background-attachment:fixed;\"><\/div><div class=\"absolute absolute--fill\" style=\"background-color:#000000;background-image:linear-gradient( #000000);opacity:0.2;\"><\/div><\/div><div class=\"relative caxton-columns caxton-grid-block\" style=\"padding-top:225px;padding-left:0;padding-bottom:225px;padding-right:0;grid-template-columns:repeat(12, 1fr)\" data-tablet-css=\"padding-left:em;padding-right:em;\" data-mobile-css=\"padding-left:em;padding-right:em;\">\n<div class=\"wp-block-caxton-section relative\" style=\"grid-area:span 1\/span 12\"><div class=\"absolute absolute--fill\"><div class=\"absolute absolute--fill cover bg-center\" style=\"background-color:;background-image:linear-gradient( );\"><\/div><div class=\"absolute absolute--fill\" style=\"background-color:;background-image:linear-gradient( );opacity:1;\"><\/div><\/div><div class=\"relative caxton-section-block\" style=\"padding-top:5px;padding-left:5px;padding-bottom:5px;padding-right:5px\" data-mobile-css=\"padding-left:1em;padding-right:1em;\" data-tablet-css=\"padding-left:1em;padding-right:1em;\">\n<h1 class=\"has-text-align-center animated fadeInUp has-white-color has-text-color has-x-large-font-size wp-block-heading\">Devenir commanditaire<\/h1>\n\n\n\n<h3 class=\"has-text-align-center animated fadeInUp has-white-color has-text-color wp-block-heading\">Le pouvoir de changer le monde, la possibilit\u00e9 de faire une diff\u00e9rence!<\/h3>\n<\/div><\/div>\n<\/div><\/div>\n\n<div class=\"wp-block-group alignfull ext ext-py-lg editor:no-inserter\"><div class=\"wp-block-group__inner-container is-layout-constrained wp-block-group-is-layout-constrained\">\n<div class=\"wp-block-columns alignwide tablet:fullwidth-cols is-layout-flex wp-container-core-columns-is-layout-1 wp-block-columns-is-layout-flex\">\n<div class=\"wp-block-column is-layout-flow wp-block-column-is-layout-flow\">\n<h2 class=\"has-ext-large-font-size wp-block-heading\" id=\"vestibulum-id-ligula-porta-felis-euismod-semper-nullam-quis-risus-eget-urna-mollis-ornare-velo\">Faites une pierre deux coups, soyez partenaire!<\/h2>\n<\/div>\n\n\n\n<div class=\"wp-block-column is-layout-flow wp-block-column-is-layout-flow\">\n<p class=\"ext-px-0\">En plus d\u2019aider directement des familles dans le besoin, profitez d\u2019une visibilit\u00e9 privil\u00e9gi\u00e9e lors de nos\u00a0deux grands \u00e9v\u00e9nements r\u00e9unissant une communaut\u00e9 d\u2019une centaine de d\u00e9cideurs d\u2019affaires ainsi qu\u2019une pr\u00e9sence dans nos communications. C\u2019est gr\u00e2ce \u00e0 vous que nous aiderons une trentaine de\u00a0familles dans le besoin cette ann\u00e9e.<\/p>\n<\/div>\n\n\n\n<div class=\"wp-block-column is-layout-flow wp-block-column-is-layout-flow\">\n<p class=\"has-black-color has-text-color\">Vous \u00eates int\u00e9ress\u00e9s \u00e0 en savoir plus sur nos diff\u00e9rentes options de partenariat? Communiquez avec M. Guy No\u00ebl qui se fera un plaisir de vous faire parvenir notre document de commandite et qui r\u00e9pondra \u00e0 toutes vos questions :<mark style=\"background-color:rgba(0, 0, 0, 0)\" class=\"has-inline-color has-vivid-green-cyan-color\"> <\/mark><mark style=\"background-color:rgba(0, 0, 0, 0)\" class=\"has-inline-color has-vivid-cyan-blue-color\">gnoel@gnr.ca<\/mark><\/p>\n\n\n\n<p>Au nom des enfants, MERCI ! \u2665<\/p>\n<\/div>\n<\/div>\n<\/div><\/div>\n\n<div class=\"wp-block-caxton-grid relative  vw-100\"><div class=\"absolute absolute--fill\"><div class=\"absolute absolute--fill cover bg-center\" style=\"background-color:#f9f9f9;background-image:linear-gradient( #f9f9f9);\"><\/div><div class=\"absolute absolute--fill\" style=\"background-color:#f9f9f9;background-image:linear-gradient( #f9f9f9);opacity:1;\"><\/div><\/div><div class=\"relative caxton-columns caxton-grid-block\" style=\"padding-top:150px;padding-left:200px;padding-bottom:100px;padding-right:200px;grid-template-columns:repeat(12, 1fr)\" data-tablet-css=\"padding-left:2em;padding-right:2em;\" data-mobile-css=\"padding-left:2em;padding-right:2em;\">\n<div class=\"wp-block-caxton-section relative\" style=\"grid-area:span 1\/span 6\"><div class=\"absolute absolute--fill\"><div class=\"absolute absolute--fill cover bg-center\" style=\"background-color:;background-image:linear-gradient( );\"><\/div><div class=\"absolute absolute--fill\" style=\"background-color:;background-image:linear-gradient( );opacity:1;\"><\/div><\/div><div class=\"relative caxton-section-block\" style=\"padding-top:5px;padding-left:5px;padding-bottom:5px;padding-right:5px\" data-mobile-css=\"padding-left:1em;padding-right:1em;\" data-tablet-css=\"padding-left:1em;padding-right:1em;\">\n<h2 class=\"wp-block-heading\">Par la poste<\/h2>\n\n\n\n<p>Pour faire un don, vous pouvez le faire\u00a0<a href=\"\/aider\/\"><mark style=\"background-color:rgba(0, 0, 0, 0)\" class=\"has-inline-color has-vivid-cyan-blue-color\">en ligne<\/mark><\/a>\u00a0ou poster votre ch\u00e8que \u00e0 l\u2019adresse suivante :<\/p>\n\n\n\n<p>978, rue Valiquette<br\/>Sainte-Ad\u00e8le, QC, J8B 1A0<\/p>\n\n\n\n<p>Every dollar counts, and your donation is precious, no matter the amount! Combined with that of other donors, it enables us to help more children in need of special care.<\/p>\n\n\n\n<p><\/p>\n<\/div><\/div>\n\n\n\n<div class=\"wp-block-caxton-section relative\" style=\"grid-area:span 1\/span 6\"><div class=\"absolute absolute--fill\"><div class=\"absolute absolute--fill cover bg-center\" style=\"background-color:;background-image:linear-gradient( );\"><\/div><div class=\"absolute absolute--fill\" style=\"background-color:;background-image:linear-gradient( );opacity:1;\"><\/div><\/div><div class=\"relative caxton-section-block\" style=\"padding-top:5px;padding-left:5px;padding-bottom:5px;padding-right:5px\" data-mobile-css=\"padding-left:1em;padding-right:1em;\" data-tablet-css=\"padding-left:1em;padding-right:1em;\">\n<h2 class=\"wp-block-heading\">Offrez vos services<\/h2>\n\n\n\n<p>Vous d\u00e9sirez offrir b\u00e9n\u00e9volement des services? <\/p>\n\n\n\n<p>Chaque geste d\u2019appui nous aide \u00e0 faire cro\u00eetre la Fondation. Soyez g\u00e9n\u00e9reux de votre temps. N\u2019h\u00e9sitez pas \u00e0\u00a0communiquer avec nous. <\/p>\n\n\n\n<p>Au nom des enfants, MERCI.<\/p>\n\n\n\n<div class=\"wp-block-buttons animated fadeIn is-layout-flex wp-block-buttons-is-layout-flex\">\n<div class=\"wp-block-button\"><a class=\"wp-block-button__link\" href=\"\/?page_id=2796\">Devenir b\u00e9n\u00e9vole<\/a><\/div>\n<\/div>\n<\/div><\/div>\n<\/div><\/div>\n","protected":false},"excerpt":{"rendered":"<p>Faites une pierre deux coups, soyez partenaire! En plus d\u2019aider directement des familles dans le besoin, profitez d\u2019une visibilit\u00e9 privil\u00e9gi\u00e9e lors de nos\u00a0deux grands \u00e9v\u00e9nements r\u00e9unissant une communaut\u00e9 d\u2019une centaine de d\u00e9cideurs d\u2019affaires ainsi qu\u2019une pr\u00e9sence dans nos communications. C\u2019est gr\u00e2ce \u00e0 vous que nous aiderons une trentaine de\u00a0familles dans le besoin cette ann\u00e9e. Vous [&hellip;]<\/p>\n","protected":false},"author":1,"featured_media":0,"parent":0,"menu_order":0,"comment_status":"closed","ping_status":"closed","template":"","meta":{"advgb_blocks_editor_width":"","advgb_blocks_columns_visual_guide":"","_genesis_hide_title":false,"_genesis_hide_breadcrumbs":false,"_genesis_hide_singular_image":false,"_genesis_hide_footer_widgets":false,"_genesis_custom_body_class":"","_genesis_custom_post_class":"","_genesis_layout":"","footnotes":""},"class_list":{"0":"post-3388","1":"page","2":"type-page","3":"status-publish","5":"entry","6":"has-post-thumbnail"},"yoast_head":"<!-- This site is optimized with the Yoast SEO plugin v25.6 - https:\/\/yoast.com\/wordpress\/plugins\/seo\/ -->\n<title>BECOME A SPONSOR | Fondation No\u00ebl au printemps<\/title>\n<meta name=\"robots\" content=\"index, follow, max-snippet:-1, max-image-preview:large, max-video-preview:-1\" \/>\n<link rel=\"canonical\" href=\"https:\/\/fnap.ca\/en\/become-a-sponsor\/\" \/>\n<meta property=\"og:locale\" content=\"en_US\" \/>\n<meta property=\"og:type\" content=\"article\" \/>\n<meta property=\"og:title\" content=\"BECOME A SPONSOR | Fondation No\u00ebl au printemps\" \/>\n<meta property=\"og:description\" content=\"Faites une pierre deux coups, soyez partenaire! En plus d\u2019aider directement des familles dans le besoin, profitez d\u2019une visibilit\u00e9 privil\u00e9gi\u00e9e lors de nos\u00a0deux grands \u00e9v\u00e9nements r\u00e9unissant une communaut\u00e9 d\u2019une centaine de d\u00e9cideurs d\u2019affaires ainsi qu\u2019une pr\u00e9sence dans nos communications. C\u2019est gr\u00e2ce \u00e0 vous que nous aiderons une trentaine de\u00a0familles dans le besoin cette ann\u00e9e. Vous [&hellip;]\" \/>\n<meta property=\"og:url\" content=\"https:\/\/fnap.ca\/en\/become-a-sponsor\/\" \/>\n<meta property=\"og:site_name\" content=\"Fondation No\u00ebl au printemps\" \/>\n<meta property=\"article:modified_time\" content=\"2023-12-07T16:26:49+00:00\" \/>\n<meta name=\"twitter:label1\" content=\"Est. reading time\" \/>\n\t<meta name=\"twitter:data1\" content=\"2 minutes\" \/>\n<script type=\"application\/ld+json\" class=\"yoast-schema-graph\">{\"@context\":\"https:\/\/schema.org\",\"@graph\":[{\"@type\":\"WebPage\",\"@id\":\"https:\/\/fnap.ca\/en\/become-a-sponsor\/\",\"url\":\"https:\/\/fnap.ca\/en\/become-a-sponsor\/\",\"name\":\"BECOME A SPONSOR | Fondation No\u00ebl au printemps\",\"isPartOf\":{\"@id\":\"https:\/\/www.fnap.ca\/en\/#website\"},\"datePublished\":\"2023-06-30T15:33:23+00:00\",\"dateModified\":\"2023-12-07T16:26:49+00:00\",\"breadcrumb\":{\"@id\":\"https:\/\/fnap.ca\/en\/become-a-sponsor\/#breadcrumb\"},\"inLanguage\":\"en-US\",\"potentialAction\":[{\"@type\":\"ReadAction\",\"target\":[\"https:\/\/fnap.ca\/en\/become-a-sponsor\/\"]}]},{\"@type\":\"BreadcrumbList\",\"@id\":\"https:\/\/fnap.ca\/en\/become-a-sponsor\/#breadcrumb\",\"itemListElement\":[{\"@type\":\"ListItem\",\"position\":1,\"name\":\"Home\",\"item\":\"https:\/\/www.fnap.ca\/en\/\"},{\"@type\":\"ListItem\",\"position\":2,\"name\":\"BECOME A SPONSOR\"}]},{\"@type\":\"WebSite\",\"@id\":\"https:\/\/www.fnap.ca\/en\/#website\",\"url\":\"https:\/\/www.fnap.ca\/en\/\",\"name\":\"Fondation No\u00ebl au printemps\",\"description\":\"\",\"potentialAction\":[{\"@type\":\"SearchAction\",\"target\":{\"@type\":\"EntryPoint\",\"urlTemplate\":\"https:\/\/www.fnap.ca\/en\/?s={search_term_string}\"},\"query-input\":{\"@type\":\"PropertyValueSpecification\",\"valueRequired\":true,\"valueName\":\"search_term_string\"}}],\"inLanguage\":\"en-US\"}]}<\/script>\n<!-- \/ Yoast SEO plugin. -->","yoast_head_json":{"title":"BECOME A SPONSOR | Fondation No\u00ebl au printemps","robots":{"index":"index","follow":"follow","max-snippet":"max-snippet:-1","max-image-preview":"max-image-preview:large","max-video-preview":"max-video-preview:-1"},"canonical":"https:\/\/fnap.ca\/en\/become-a-sponsor\/","og_locale":"en_US","og_type":"article","og_title":"BECOME A SPONSOR | Fondation No\u00ebl au printemps","og_description":"Faites une pierre deux coups, soyez partenaire! En plus d\u2019aider directement des familles dans le besoin, profitez d\u2019une visibilit\u00e9 privil\u00e9gi\u00e9e lors de nos\u00a0deux grands \u00e9v\u00e9nements r\u00e9unissant une communaut\u00e9 d\u2019une centaine de d\u00e9cideurs d\u2019affaires ainsi qu\u2019une pr\u00e9sence dans nos communications. C\u2019est gr\u00e2ce \u00e0 vous que nous aiderons une trentaine de\u00a0familles dans le besoin cette ann\u00e9e. Vous [&hellip;]","og_url":"https:\/\/fnap.ca\/en\/become-a-sponsor\/","og_site_name":"Fondation No\u00ebl au printemps","article_modified_time":"2023-12-07T16:26:49+00:00","twitter_misc":{"Est. reading time":"2 minutes"},"schema":{"@context":"https:\/\/schema.org","@graph":[{"@type":"WebPage","@id":"https:\/\/fnap.ca\/en\/become-a-sponsor\/","url":"https:\/\/fnap.ca\/en\/become-a-sponsor\/","name":"BECOME A SPONSOR | Fondation No\u00ebl au printemps","isPartOf":{"@id":"https:\/\/www.fnap.ca\/en\/#website"},"datePublished":"2023-06-30T15:33:23+00:00","dateModified":"2023-12-07T16:26:49+00:00","breadcrumb":{"@id":"https:\/\/fnap.ca\/en\/become-a-sponsor\/#breadcrumb"},"inLanguage":"en-US","potentialAction":[{"@type":"ReadAction","target":["https:\/\/fnap.ca\/en\/become-a-sponsor\/"]}]},{"@type":"BreadcrumbList","@id":"https:\/\/fnap.ca\/en\/become-a-sponsor\/#breadcrumb","itemListElement":[{"@type":"ListItem","position":1,"name":"Home","item":"https:\/\/www.fnap.ca\/en\/"},{"@type":"ListItem","position":2,"name":"BECOME A SPONSOR"}]},{"@type":"WebSite","@id":"https:\/\/www.fnap.ca\/en\/#website","url":"https:\/\/www.fnap.ca\/en\/","name":"Fondation No\u00ebl au printemps","description":"","potentialAction":[{"@type":"SearchAction","target":{"@type":"EntryPoint","urlTemplate":"https:\/\/www.fnap.ca\/en\/?s={search_term_string}"},"query-input":{"@type":"PropertyValueSpecification","valueRequired":true,"valueName":"search_term_string"}}],"inLanguage":"en-US"}]}},"coauthors":[],"author_meta":{"author_link":"https:\/\/fnap.ca\/en\/author\/siteadmin\/","display_name":"siteadmin"},"relative_dates":{"created":"Posted 3 years ago","modified":"Updated 2 years ago"},"absolute_dates":{"created":"Posted on 30 June 2023","modified":"Updated on 7 December 2023"},"absolute_dates_time":{"created":"Posted on 30 June 2023 11 h 33 min","modified":"Updated on 7 December 2023 11 h 26 min"},"featured_img_caption":"","featured_img":false,"series_order":"","_links":{"self":[{"href":"https:\/\/fnap.ca\/en\/wp-json\/wp\/v2\/pages\/3388"}],"collection":[{"href":"https:\/\/fnap.ca\/en\/wp-json\/wp\/v2\/pages"}],"about":[{"href":"https:\/\/fnap.ca\/en\/wp-json\/wp\/v2\/types\/page"}],"author":[{"embeddable":true,"href":"https:\/\/fnap.ca\/en\/wp-json\/wp\/v2\/users\/1"}],"replies":[{"embeddable":true,"href":"https:\/\/fnap.ca\/en\/wp-json\/wp\/v2\/comments?post=3388"}],"version-history":[{"count":4,"href":"https:\/\/fnap.ca\/en\/wp-json\/wp\/v2\/pages\/3388\/revisions"}],"predecessor-version":[{"id":3518,"href":"https:\/\/fnap.ca\/en\/wp-json\/wp\/v2\/pages\/3388\/revisions\/3518"}],"wp:attachment":[{"href":"https:\/\/fnap.ca\/en\/wp-json\/wp\/v2\/media?parent=3388"}],"curies":[{"name":"wp","href":"https:\/\/api.w.org\/{rel}","templated":true}]}}